{"id":7201,"date":"2019-04-18T19:42:06","date_gmt":"2019-04-18T17:42:06","guid":{"rendered":"https:\/\/yanncorby.fr\/?page_id=7201"},"modified":"2019-06-18T23:51:46","modified_gmt":"2019-06-18T21:51:46","slug":"about","status":"publish","type":"page","link":"https:\/\/yanncorby.fr\/en\/about\/","title":{"rendered":"About"},"content":{"rendered":"<div  class=\"one\" style=\"width: 80%!important; margin-left: auto; margin-right: auto; float: none!important;padding:55px 0 55px 0;\" >\n<div class=\"standard_wrapper\">\n<div class=\"page_content_wrapper\">\n<div class=\"inner\">\n<div class=\"one_half content_middle textright\">Aussi loin que je m&rsquo;en souvienne j&rsquo;ai toujours eu un appareil photo dans les mains. N\u00e9anmoins c&rsquo;est en 1994, lors d&rsquo;un voyage en Australie en compagnie de Jean-Minh Trinh-Thieu et Laurent Simoni que je me suis essay\u00e9 pour la premi\u00e8re fois aux photos d&rsquo;escalade. Cette premi\u00e8re exp\u00e9rience concluante a fait boule de neige et j&rsquo;ai durant les dix ann\u00e9es suivantes poursuivi cette activit\u00e9 en lui consacrant un temps non n\u00e9gligeable.<br \/>\nL&rsquo;ann\u00e9e 2019 marque un nouveau tournant, symbolis\u00e9 par ce site Web qui me permet de vous proposer une palette d&rsquo;images plus vari\u00e9es.<\/p>\n<p><strong>Flash back<\/strong><\/p>\n<p><strong>#1<\/strong> <strong>&#8211; Texte \u00e9crit en 2002 par Florent Wolff (R\u00e9dacteur en chef d&rsquo;Escalade Mag&rsquo;)<\/strong><\/p>\n<p><em>Yann Corby est un des photographes d&rsquo;escalade les plus r\u00e9put\u00e9s. Depuis des ann\u00e9es il arpente les falaises du globe en compagnie de grimpeurs d&rsquo;exception et de ses appareils photos.<\/em><\/p>\n<p><em>En 1994, \u00e0 l&rsquo;occasion d&rsquo;un voyage en Australie avec Jean-Minh Trinh-Thieu, il se lan\u00e7a dans la photographie d&rsquo;escalade. et non sans talent, puisque ses premiers clich\u00e9s firent la couverture du magazine australien \u00ab\u00a0Rock\u00a0\u00bb. Le r\u00e9dacteur en chef l&rsquo;ayant pris pour un photographe professionnel alors qu&rsquo;il n&rsquo;\u00e9tait qu&rsquo;\u00e9tudiant. Ces m\u00eames images remport\u00e8rent divers prix d\u00e9cern\u00e9s par de grands magazines photos.<\/em><\/p>\n<p><em>Ces d\u00e9buts fracassants ne rest\u00e8rent pas sans suite&#8230; En effet, huit ann\u00e9es de pratique intensive (soit pr\u00e8s de 1500 parutions dans les principaux magazines du globe), ont permis \u00e0 Yann d&rsquo;affiner et d&rsquo;affirmer son style. <\/em><em>Passionn\u00e9 de voyages il a photographi\u00e9 les falaises d&rsquo;Am\u00e9rique, d&rsquo;Australie, d&rsquo;Europe et celles moins attendues car plus exotiques des \u00eeles tropicales.<\/em><\/p>\n<p><em>Enfin, Yann garde une motivation sans cesse renouvel\u00e9e de grimpeur, ce qui ne manque pas d&rsquo;\u00e9clater dans sa d\u00e9marche picturale. Son travail synth\u00e9tise au plus juste l&rsquo;implacable regard du photographe et son \u00e9thique de grimpeur.<\/em><\/p>\n<p><strong>#2 &#8211; Texte \u00e9crit en 2002 par <a href=\"https:\/\/fr.wikipedia.org\/wiki\/%C3%89ric_Demay\" target=\"_blank\" rel=\"noopener noreferrer\">Eric Demay<\/a> (Photographe &#8211; Scientifique)<\/strong><\/p>\n<p><em>Riche en couleur et en \u00e9motions, l&rsquo;escalade dite \u00ab\u00a0sportive\u00a0\u00bb est certainement un des sujets les plus difficile \u00e0 r\u00e9aliser pour un photographe. Tout y est plus difficile que nulle part ailleurs : l&rsquo;\u00e9clairage, la dynamique du mouvement, l&rsquo;intensit\u00e9 du regard ou la gestion de la profondeur de champ. La photographie d&rsquo;escalade \u00e0 cette particularit\u00e9 de faire oublier l&rsquo;existence m\u00eame de son propre artisan, le photographe. Et pourtant il est l\u00e0 pendu au bout de sa corde avec un attirail du tonnerre, cherchant la lumi\u00e8re id\u00e9ale ou la meilleure perspective. Yann Corby est ce photographe.<\/em><\/p>\n<p><em>Mais il est plus que cela. Aliment\u00e9 par une motivation sans faille, il est l\u2019\u0153il dont l&rsquo;escalade ne peut se passer, tout simplement un \u0153il plein de talent.<\/em><\/div>\n<div class=\"one_half last\">\n<div class=\"image_classic_frame expand animate\">\n<div class=\"image_wrapper\"><img src=\"https:\/\/yanncorby.fr\/wp-content\/uploads\/2019\/05\/NAMIBIE_NamibR.jpg\" alt=\"\" class=\"preview\"\/><\/div>\n<\/div>\n<\/div>\n<p><br class=\"clear\"\/><\/div>\n<\/div>\n<\/div>\n<\/div>\n<p><!-- AddThis Advanced Settings generic via filter on the_content --><!-- AddThis Share Buttons generic via filter on the_content --><\/p>\n","protected":false},"excerpt":{"rendered":"<p><!-- AddThis Advanced Settings generic via filter on get_the_excerpt --><!-- AddThis Share Buttons generic via filter on get_the_excerpt --><\/p>\n","protected":false},"author":2,"featured_media":0,"parent":0,"menu_order":0,"comment_status":"closed","ping_status":"open","template":"","meta":[],"_links":{"self":[{"href":"https:\/\/yanncorby.fr\/en\/wp-json\/wp\/v2\/pages\/7201"}],"collection":[{"href":"https:\/\/yanncorby.fr\/en\/wp-json\/wp\/v2\/pages"}],"about":[{"href":"https:\/\/yanncorby.fr\/en\/wp-json\/wp\/v2\/types\/page"}],"author":[{"embeddable":true,"href":"https:\/\/yanncorby.fr\/en\/wp-json\/wp\/v2\/users\/2"}],"replies":[{"embeddable":true,"href":"https:\/\/yanncorby.fr\/en\/wp-json\/wp\/v2\/comments?post=7201"}],"version-history":[{"count":3,"href":"https:\/\/yanncorby.fr\/en\/wp-json\/wp\/v2\/pages\/7201\/revisions"}],"predecessor-version":[{"id":8869,"href":"https:\/\/yanncorby.fr\/en\/wp-json\/wp\/v2\/pages\/7201\/revisions\/8869"}],"wp:attachment":[{"href":"https:\/\/yanncorby.fr\/en\/wp-json\/wp\/v2\/media?parent=7201"}],"curies":[{"name":"wp","href":"https:\/\/api.w.org\/{rel}","templated":true}]}}