{"id":6767,"date":"2019-03-09T12:22:50","date_gmt":"2019-03-09T11:22:50","guid":{"rendered":"https:\/\/yanncorby.fr\/terms-of-sales\/"},"modified":"2019-06-19T21:04:42","modified_gmt":"2019-06-19T19:04:42","slug":"terms-and-conditions","status":"publish","type":"page","link":"https:\/\/yanncorby.fr\/en\/terms-and-conditions\/","title":{"rendered":"Terms and conditions"},"content":{"rendered":"<div  class=\"one withsmallpadding ppb_text\" style=\"padding:30px 0 30px 0;\" >\n<div class=\"standard_wrapper\">\n<div class=\"page_content_wrapper\">\n<div class=\"inner\">\n<div style=\"margin:auto;width:80%\">\n<h2>Propri\u00e9t\u00e9 intellectuelle \u2013 Droit d\u2019auteur<\/h2>\n<p>Conform\u00e9ment aux dispositions de l\u2019article 6 III-1 de la loi n\u00b0 2004-575 du 21 juin 2004 pour la confiance dans l\u2019\u00e9conomie num\u00e9rique, nous vous informons que le site www.yanncorby.fr est la propri\u00e9t\u00e9 de Yann Corby, Auteur \u2013 Photographe.<\/p>\n<p>Pour toutes les photographies, textes et logos pr\u00e9sents sur le site yanncorby.fr, les droits de reproduction, d\u2019exploitation et de diffusion demeurent la propri\u00e9t\u00e9 de Yann Corby qui conserve, conform\u00e9ment \u00e0 la loi Fran\u00e7aise (Article L.111-1 du Code de la propri\u00e9t\u00e9 Intellectuelle), l\u2019exclusivit\u00e9 des droits d\u2019auteur.<\/p>\n<p>En application du Code fran\u00e7ais de la Propri\u00e9t\u00e9 Intellectuelle et, plus g\u00e9n\u00e9ralement, des trait\u00e9s et accords internationaux comportant des dispositions relatives \u00e0 la protection des droits d\u2019auteurs, l\u2019utilisateur s\u2019interdit de reproduire, sous quelque forme que ce soit, les \u0153uvres prot\u00e9g\u00e9es par le droit d\u2019auteur qui figurent sur le site www.yanncorby.fr.<\/p>\n<p>Aucun \u00e9l\u00e9ment de ce site ne peut \u00eatre copi\u00e9, reproduit, d\u00e9tourn\u00e9 ou d\u00e9natur\u00e9, et ce, sur quelque support que ce soit, sans constituer un acte de contrefa\u00e7on au sens des articles L 335-2 et suivants du code de la propri\u00e9t\u00e9 intellectuelle.<\/p>\n<p>La diffusion, publication, ou reproduction, du contenu du site yanncorby.fr, n\u2019est possible qu\u2019apr\u00e8s un accord \u00e9crit obtenu aupr\u00e8s de Yann Corby.<\/p>\n<p>Sur les r\u00e9seaux sociaux, tout partage d\u2019une page web, d\u2019un article ou d\u2019une photo issue du site devra obligatoirement \u00eatre accompagn\u00e9 de la mention \u00ab Photo : Yann Corby \u00bb.<\/p>\n<p><!-- AddThis Advanced Settings generic via filter on the_content --><!-- AddThis Share Buttons generic via filter on the_content --><\/div>\n<\/div>\n<\/div>\n<\/div>\n<\/div>\n<div  class=\"one withsmallpadding ppb_text\" style=\"padding:30px 0 30px 0;\" >\n<div class=\"standard_wrapper\">\n<div class=\"page_content_wrapper\">\n<div class=\"inner\">\n<div style=\"margin:auto;width:80%\">\n<h2>Si\u00e8ge Social<\/h2>\n<p>Adresse \u2013 URL du site : www.yanncorby.fr<\/p>\n<p>Adresse de courrier \u00e9lectronique : yanncorby@gmail.com<\/p>\n<p>Responsable de la publication du site :<\/p>\n<p>Yann Corby, 18 rue du Colonel Rouvillois, 67170 Brumath, France<\/p>\n<p>Yann Corby est Auteur \u2013 Photographe<\/p>\n<p>SIRET :<br \/>\nNum\u00e9ro de TVA : TVA non applicable \u2013 Photographe non assujetti \u2013 Art 293B du CGI<\/p>\n<p><!-- AddThis Advanced Settings generic via filter on the_content --><!-- AddThis Share Buttons generic via filter on the_content --><\/div>\n<\/div>\n<\/div>\n<\/div>\n<\/div>\n<div  class=\"one withsmallpadding ppb_text\" style=\"padding:30px 0 30px 0;\" >\n<div class=\"standard_wrapper\">\n<div class=\"page_content_wrapper\">\n<div class=\"inner\">\n<div style=\"margin:auto;width:80%\">\n<h2>H\u00e9bergement<\/h2>\n<p>Le site www.yanncorby.fr est h\u00e9berg\u00e9 par OVH :<\/p>\n<p>H\u00e9bergeur : OVH<br \/>\nSoci\u00e9t\u00e9 : OVH<br \/>\nAdresse web : <a href=\"http:\/\/www.ovh.com\/\">www.ovh.com<\/a><br \/>\nAdresse Postale : 2 rue kellermann<br \/>\nBP 80157<br \/>\n59053 ROUBAIX Cedex 1<br \/>\nT\u00e9l\u00e9phone : +33 (0)8 203 203 63<br \/>\nAdresse \u00e9lectronique : <a href=\"mailto:support@ovh.com\">support@ovh.com<\/a><\/p>\n<p>Le nom de domaine yanncorby.fr est g\u00e9r\u00e9 par Gandi SAS :<\/p>\n<p>63-65 boulevard Mass\u00e9na Paris (75013) FRANCE<br \/>\nTel +33 (0) 1 70.37.76.61<\/p>\n<p>Adresse \u00e9lectronique : direction@gandi.net<\/p>\n<p><!-- AddThis Advanced Settings generic via filter on the_content --><!-- AddThis Share Buttons generic via filter on the_content --><\/div>\n<\/div>\n<\/div>\n<\/div>\n<\/div>\n<div  class=\"one withsmallpadding ppb_text\" style=\"padding:30px 0 30px 0;\" >\n<div class=\"standard_wrapper\">\n<div class=\"page_content_wrapper\">\n<div class=\"inner\">\n<div style=\"margin:auto;width:80%\">\n<h2>Liens hypertextes<\/h2>\n<p>Les liens hypertextes mis en \u0153uvre au sein du pr\u00e9sent site Internet, en direction d\u2019autres sites et\/ou de pages personnelles et d\u2019une mani\u00e8re g\u00e9n\u00e9rale vers toutes ressources existantes sur Internet, ne sauraient engager la responsabilit\u00e9 de Yann Corby.<\/p>\n<p>De m\u00eame Yann Corby ne pourra en aucune fa\u00e7on \u00eatre tenue pour responsable des sites ayant un lien hypertexte avec le pr\u00e9sent site et d\u00e9cline toute responsabilit\u00e9 quant \u00e0 leur contenu et \u00e0 leur utilisation. L\u2019utilisateur est seul responsable de leur utilisation.<\/p>\n<p>Yann Corby se r\u00e9serve le droit de demander la suppression de tout lien d\u2019un site ext\u00e9rieur pointant vers www.yanncorby.fr.<\/p>\n<p><!-- AddThis Advanced Settings generic via filter on the_content --><!-- AddThis Share Buttons generic via filter on the_content --><\/div>\n<\/div>\n<\/div>\n<\/div>\n<\/div>\n","protected":false},"excerpt":{"rendered":"<p><!-- AddThis Advanced Settings generic via filter on get_the_excerpt --><!-- AddThis Share Buttons generic via filter on get_the_excerpt --><\/p>\n","protected":false},"author":2,"featured_media":0,"parent":0,"menu_order":0,"comment_status":"closed","ping_status":"closed","template":"","meta":[],"_links":{"self":[{"href":"https:\/\/yanncorby.fr\/en\/wp-json\/wp\/v2\/pages\/6767"}],"collection":[{"href":"https:\/\/yanncorby.fr\/en\/wp-json\/wp\/v2\/pages"}],"about":[{"href":"https:\/\/yanncorby.fr\/en\/wp-json\/wp\/v2\/types\/page"}],"author":[{"embeddable":true,"href":"https:\/\/yanncorby.fr\/en\/wp-json\/wp\/v2\/users\/2"}],"replies":[{"embeddable":true,"href":"https:\/\/yanncorby.fr\/en\/wp-json\/wp\/v2\/comments?post=6767"}],"version-history":[{"count":8,"href":"https:\/\/yanncorby.fr\/en\/wp-json\/wp\/v2\/pages\/6767\/revisions"}],"predecessor-version":[{"id":8872,"href":"https:\/\/yanncorby.fr\/en\/wp-json\/wp\/v2\/pages\/6767\/revisions\/8872"}],"wp:attachment":[{"href":"https:\/\/yanncorby.fr\/en\/wp-json\/wp\/v2\/media?parent=6767"}],"curies":[{"name":"wp","href":"https:\/\/api.w.org\/{rel}","templated":true}]}}